{"id":5977,"date":"2021-11-11T09:39:02","date_gmt":"2021-11-11T08:39:02","guid":{"rendered":"https:\/\/www.inlingua-leman.ch\/contact-geneve\/"},"modified":"2026-03-12T15:18:53","modified_gmt":"2026-03-12T14:18:53","slug":"contact-geneva","status":"publish","type":"page","link":"https:\/\/www.inlingua-leman.ch\/en\/contact-geneva\/","title":{"rendered":"Contact Geneva"},"content":{"rendered":"","protected":false},"excerpt":{"rendered":"","protected":false},"author":1,"featured_media":0,"parent":0,"menu_order":0,"comment_status":"closed","ping_status":"closed","template":"","meta":{"inline_featured_image":false,"_monsterinsights_skip_tracking":false,"_monsterinsights_sitenote_active":false,"_monsterinsights_sitenote_note":"","_monsterinsights_sitenote_category":0,"powered_cache_disable_cache":false,"footnotes":""},"class_list":["post-5977","page","type-page","status-publish","hentry"],"yoast_head":"<!-- This site is optimized with the Yoast SEO plugin v27.4 - https:\/\/yoast.com\/product\/yoast-seo-wordpress\/ -->\n<title>Contact Geneva - inlingua L\u00e9man<\/title>\n<meta name=\"description\" content=\"Adresse de contact du centre inlingua L\u00e9man \u00e0 Gen\u00e8ve\" \/>\n<meta name=\"robots\" content=\"index, follow, max-snippet:-1, max-image-preview:large, max-video-preview:-1\" \/>\n<link rel=\"canonical\" href=\"https:\/\/www.inlingua-leman.ch\/en\/contact-geneva\/\" \/>\n<meta property=\"og:locale\" content=\"en_US\" \/>\n<meta property=\"og:type\" content=\"article\" \/>\n<meta property=\"og:title\" content=\"Contact Geneva - inlingua L\u00e9man\" \/>\n<meta property=\"og:description\" content=\"Adresse de contact du centre inlingua L\u00e9man \u00e0 Gen\u00e8ve\" \/>\n<meta property=\"og:url\" content=\"https:\/\/www.inlingua-leman.ch\/en\/contact-geneva\/\" \/>\n<meta property=\"og:site_name\" content=\"inlingua L\u00e9man\" \/>\n<meta property=\"article:modified_time\" content=\"2026-03-12T14:18:53+00:00\" \/>\n<meta name=\"twitter:card\" content=\"summary_large_image\" \/>\n<meta name=\"twitter:label1\" content=\"Est. reading time\" \/>\n\t<meta name=\"twitter:data1\" content=\"4 minutes\" \/>\n<script type=\"application\/ld+json\" class=\"yoast-schema-graph\">{\"@context\":\"https:\\\/\\\/schema.org\",\"@graph\":[{\"@type\":\"WebPage\",\"@id\":\"https:\\\/\\\/www.inlingua-leman.ch\\\/en\\\/contact-geneva\\\/\",\"url\":\"https:\\\/\\\/www.inlingua-leman.ch\\\/en\\\/contact-geneva\\\/\",\"name\":\"Contact Geneva - inlingua L\u00e9man\",\"isPartOf\":{\"@id\":\"https:\\\/\\\/www.inlingua-leman.ch\\\/en\\\/#website\"},\"datePublished\":\"2021-11-11T08:39:02+00:00\",\"dateModified\":\"2026-03-12T14:18:53+00:00\",\"description\":\"Adresse de contact du centre inlingua L\u00e9man \u00e0 Gen\u00e8ve\",\"breadcrumb\":{\"@id\":\"https:\\\/\\\/www.inlingua-leman.ch\\\/en\\\/contact-geneva\\\/#breadcrumb\"},\"inLanguage\":\"en-US\",\"potentialAction\":[{\"@type\":\"ReadAction\",\"target\":[\"https:\\\/\\\/www.inlingua-leman.ch\\\/en\\\/contact-geneva\\\/\"]}]},{\"@type\":\"BreadcrumbList\",\"@id\":\"https:\\\/\\\/www.inlingua-leman.ch\\\/en\\\/contact-geneva\\\/#breadcrumb\",\"itemListElement\":[{\"@type\":\"ListItem\",\"position\":1,\"name\":\"Accueil\",\"item\":\"https:\\\/\\\/www.inlingua-leman.ch\\\/en\\\/\"},{\"@type\":\"ListItem\",\"position\":2,\"name\":\"Contact Geneva\"}]},{\"@type\":\"WebSite\",\"@id\":\"https:\\\/\\\/www.inlingua-leman.ch\\\/en\\\/#website\",\"url\":\"https:\\\/\\\/www.inlingua-leman.ch\\\/en\\\/\",\"name\":\"inlingua L\u00e9man\",\"description\":\"Formations langue | 19 langues\",\"potentialAction\":[{\"@type\":\"SearchAction\",\"target\":{\"@type\":\"EntryPoint\",\"urlTemplate\":\"https:\\\/\\\/www.inlingua-leman.ch\\\/en\\\/?s={search_term_string}\"},\"query-input\":{\"@type\":\"PropertyValueSpecification\",\"valueRequired\":true,\"valueName\":\"search_term_string\"}}],\"inLanguage\":\"en-US\"}]}<\/script>\n<!-- \/ Yoast SEO plugin. -->","yoast_head_json":{"title":"Contact Geneva - inlingua L\u00e9man","description":"Adresse de contact du centre inlingua L\u00e9man \u00e0 Gen\u00e8ve","robots":{"index":"index","follow":"follow","max-snippet":"max-snippet:-1","max-image-preview":"max-image-preview:large","max-video-preview":"max-video-preview:-1"},"canonical":"https:\/\/www.inlingua-leman.ch\/en\/contact-geneva\/","og_locale":"en_US","og_type":"article","og_title":"Contact Geneva - inlingua L\u00e9man","og_description":"Adresse de contact du centre inlingua L\u00e9man \u00e0 Gen\u00e8ve","og_url":"https:\/\/www.inlingua-leman.ch\/en\/contact-geneva\/","og_site_name":"inlingua L\u00e9man","article_modified_time":"2026-03-12T14:18:53+00:00","twitter_card":"summary_large_image","twitter_misc":{"Est. reading time":"4 minutes"},"schema":{"@context":"https:\/\/schema.org","@graph":[{"@type":"WebPage","@id":"https:\/\/www.inlingua-leman.ch\/en\/contact-geneva\/","url":"https:\/\/www.inlingua-leman.ch\/en\/contact-geneva\/","name":"Contact Geneva - inlingua L\u00e9man","isPartOf":{"@id":"https:\/\/www.inlingua-leman.ch\/en\/#website"},"datePublished":"2021-11-11T08:39:02+00:00","dateModified":"2026-03-12T14:18:53+00:00","description":"Adresse de contact du centre inlingua L\u00e9man \u00e0 Gen\u00e8ve","breadcrumb":{"@id":"https:\/\/www.inlingua-leman.ch\/en\/contact-geneva\/#breadcrumb"},"inLanguage":"en-US","potentialAction":[{"@type":"ReadAction","target":["https:\/\/www.inlingua-leman.ch\/en\/contact-geneva\/"]}]},{"@type":"BreadcrumbList","@id":"https:\/\/www.inlingua-leman.ch\/en\/contact-geneva\/#breadcrumb","itemListElement":[{"@type":"ListItem","position":1,"name":"Accueil","item":"https:\/\/www.inlingua-leman.ch\/en\/"},{"@type":"ListItem","position":2,"name":"Contact Geneva"}]},{"@type":"WebSite","@id":"https:\/\/www.inlingua-leman.ch\/en\/#website","url":"https:\/\/www.inlingua-leman.ch\/en\/","name":"inlingua L\u00e9man","description":"Formations langue | 19 langues","potentialAction":[{"@type":"SearchAction","target":{"@type":"EntryPoint","urlTemplate":"https:\/\/www.inlingua-leman.ch\/en\/?s={search_term_string}"},"query-input":{"@type":"PropertyValueSpecification","valueRequired":true,"valueName":"search_term_string"}}],"inLanguage":"en-US"}]}},"_links":{"self":[{"href":"https:\/\/www.inlingua-leman.ch\/en\/wp-json\/wp\/v2\/pages\/5977","targetHints":{"allow":["GET"]}}],"collection":[{"href":"https:\/\/www.inlingua-leman.ch\/en\/wp-json\/wp\/v2\/pages"}],"about":[{"href":"https:\/\/www.inlingua-leman.ch\/en\/wp-json\/wp\/v2\/types\/page"}],"author":[{"embeddable":true,"href":"https:\/\/www.inlingua-leman.ch\/en\/wp-json\/wp\/v2\/users\/1"}],"replies":[{"embeddable":true,"href":"https:\/\/www.inlingua-leman.ch\/en\/wp-json\/wp\/v2\/comments?post=5977"}],"version-history":[{"count":1,"href":"https:\/\/www.inlingua-leman.ch\/en\/wp-json\/wp\/v2\/pages\/5977\/revisions"}],"predecessor-version":[{"id":5983,"href":"https:\/\/www.inlingua-leman.ch\/en\/wp-json\/wp\/v2\/pages\/5977\/revisions\/5983"}],"wp:attachment":[{"href":"https:\/\/www.inlingua-leman.ch\/en\/wp-json\/wp\/v2\/media?parent=5977"}],"curies":[{"name":"wp","href":"https:\/\/api.w.org\/{rel}","templated":true}]}}