{"id":5538,"date":"2020-11-08T10:33:25","date_gmt":"2020-11-08T09:33:25","guid":{"rendered":"http:\/\/oxy.inlingua-leman.ch\/prestations\/"},"modified":"2026-04-14T14:54:34","modified_gmt":"2026-04-14T12:54:34","slug":"services","status":"publish","type":"page","link":"https:\/\/www.inlingua-leman.ch\/de\/services\/","title":{"rendered":"Services"},"content":{"rendered":"","protected":false},"excerpt":{"rendered":"","protected":false},"author":1,"featured_media":0,"parent":0,"menu_order":0,"comment_status":"closed","ping_status":"closed","template":"","meta":{"inline_featured_image":false,"_monsterinsights_skip_tracking":false,"_monsterinsights_sitenote_active":false,"_monsterinsights_sitenote_note":"","_monsterinsights_sitenote_category":0,"powered_cache_disable_cache":false,"footnotes":""},"class_list":["post-5538","page","type-page","status-publish","hentry"],"yoast_head":"<!-- This site is optimized with the Yoast SEO plugin v27.4 - https:\/\/yoast.com\/product\/yoast-seo-wordpress\/ -->\n<title>Businesskurse f\u00fcr Unternehmen in der Westschweiz<\/title>\n<meta name=\"description\" content=\"Ob Pr\u00e4senz-, Fern-, Gruppen- oder Einzelkurse: Entdecken Sie alle Inlingua-Trainings, die speziell auf Berufst\u00e4tige (B2B) zugeschnitten sind.\" \/>\n<meta name=\"robots\" content=\"index, follow, max-snippet:-1, max-image-preview:large, max-video-preview:-1\" \/>\n<link rel=\"canonical\" href=\"https:\/\/www.inlingua-leman.ch\/de\/services\/\" \/>\n<meta property=\"og:locale\" content=\"de_DE\" \/>\n<meta property=\"og:type\" content=\"article\" \/>\n<meta property=\"og:title\" content=\"Businesskurse f\u00fcr Unternehmen in der Westschweiz\" \/>\n<meta property=\"og:description\" content=\"Ob Pr\u00e4senz-, Fern-, Gruppen- oder Einzelkurse: Entdecken Sie alle Inlingua-Trainings, die speziell auf Berufst\u00e4tige (B2B) zugeschnitten sind.\" \/>\n<meta property=\"og:url\" content=\"https:\/\/www.inlingua-leman.ch\/de\/services\/\" \/>\n<meta property=\"og:site_name\" content=\"inlingua L\u00e9man\" \/>\n<meta property=\"article:modified_time\" content=\"2026-04-14T12:54:34+00:00\" \/>\n<meta name=\"twitter:card\" content=\"summary_large_image\" \/>\n<meta name=\"twitter:label1\" content=\"Gesch\u00e4tzte Lesezeit\" \/>\n\t<meta name=\"twitter:data1\" content=\"7\u00a0Minuten\" \/>\n<script type=\"application\/ld+json\" class=\"yoast-schema-graph\">{\"@context\":\"https:\\\/\\\/schema.org\",\"@graph\":[{\"@type\":\"WebPage\",\"@id\":\"https:\\\/\\\/www.inlingua-leman.ch\\\/de\\\/services\\\/\",\"url\":\"https:\\\/\\\/www.inlingua-leman.ch\\\/de\\\/services\\\/\",\"name\":\"Businesskurse f\u00fcr Unternehmen in der Westschweiz\",\"isPartOf\":{\"@id\":\"https:\\\/\\\/www.inlingua-leman.ch\\\/de\\\/#website\"},\"datePublished\":\"2020-11-08T09:33:25+00:00\",\"dateModified\":\"2026-04-14T12:54:34+00:00\",\"description\":\"Ob Pr\u00e4senz-, Fern-, Gruppen- oder Einzelkurse: Entdecken Sie alle Inlingua-Trainings, die speziell auf Berufst\u00e4tige (B2B) zugeschnitten sind.\",\"breadcrumb\":{\"@id\":\"https:\\\/\\\/www.inlingua-leman.ch\\\/de\\\/services\\\/#breadcrumb\"},\"inLanguage\":\"de\",\"potentialAction\":[{\"@type\":\"ReadAction\",\"target\":[\"https:\\\/\\\/www.inlingua-leman.ch\\\/de\\\/services\\\/\"]}]},{\"@type\":\"BreadcrumbList\",\"@id\":\"https:\\\/\\\/www.inlingua-leman.ch\\\/de\\\/services\\\/#breadcrumb\",\"itemListElement\":[{\"@type\":\"ListItem\",\"position\":1,\"name\":\"Accueil\",\"item\":\"https:\\\/\\\/www.inlingua-leman.ch\\\/de\\\/\"},{\"@type\":\"ListItem\",\"position\":2,\"name\":\"Services\"}]},{\"@type\":\"WebSite\",\"@id\":\"https:\\\/\\\/www.inlingua-leman.ch\\\/de\\\/#website\",\"url\":\"https:\\\/\\\/www.inlingua-leman.ch\\\/de\\\/\",\"name\":\"inlingua L\u00e9man\",\"description\":\"Formations langue | 19 langues\",\"potentialAction\":[{\"@type\":\"SearchAction\",\"target\":{\"@type\":\"EntryPoint\",\"urlTemplate\":\"https:\\\/\\\/www.inlingua-leman.ch\\\/de\\\/?s={search_term_string}\"},\"query-input\":{\"@type\":\"PropertyValueSpecification\",\"valueRequired\":true,\"valueName\":\"search_term_string\"}}],\"inLanguage\":\"de\"}]}<\/script>\n<!-- \/ Yoast SEO plugin. -->","yoast_head_json":{"title":"Businesskurse f\u00fcr Unternehmen in der Westschweiz","description":"Ob Pr\u00e4senz-, Fern-, Gruppen- oder Einzelkurse: Entdecken Sie alle Inlingua-Trainings, die speziell auf Berufst\u00e4tige (B2B) zugeschnitten sind.","robots":{"index":"index","follow":"follow","max-snippet":"max-snippet:-1","max-image-preview":"max-image-preview:large","max-video-preview":"max-video-preview:-1"},"canonical":"https:\/\/www.inlingua-leman.ch\/de\/services\/","og_locale":"de_DE","og_type":"article","og_title":"Businesskurse f\u00fcr Unternehmen in der Westschweiz","og_description":"Ob Pr\u00e4senz-, Fern-, Gruppen- oder Einzelkurse: Entdecken Sie alle Inlingua-Trainings, die speziell auf Berufst\u00e4tige (B2B) zugeschnitten sind.","og_url":"https:\/\/www.inlingua-leman.ch\/de\/services\/","og_site_name":"inlingua L\u00e9man","article_modified_time":"2026-04-14T12:54:34+00:00","twitter_card":"summary_large_image","twitter_misc":{"Gesch\u00e4tzte Lesezeit":"7\u00a0Minuten"},"schema":{"@context":"https:\/\/schema.org","@graph":[{"@type":"WebPage","@id":"https:\/\/www.inlingua-leman.ch\/de\/services\/","url":"https:\/\/www.inlingua-leman.ch\/de\/services\/","name":"Businesskurse f\u00fcr Unternehmen in der Westschweiz","isPartOf":{"@id":"https:\/\/www.inlingua-leman.ch\/de\/#website"},"datePublished":"2020-11-08T09:33:25+00:00","dateModified":"2026-04-14T12:54:34+00:00","description":"Ob Pr\u00e4senz-, Fern-, Gruppen- oder Einzelkurse: Entdecken Sie alle Inlingua-Trainings, die speziell auf Berufst\u00e4tige (B2B) zugeschnitten sind.","breadcrumb":{"@id":"https:\/\/www.inlingua-leman.ch\/de\/services\/#breadcrumb"},"inLanguage":"de","potentialAction":[{"@type":"ReadAction","target":["https:\/\/www.inlingua-leman.ch\/de\/services\/"]}]},{"@type":"BreadcrumbList","@id":"https:\/\/www.inlingua-leman.ch\/de\/services\/#breadcrumb","itemListElement":[{"@type":"ListItem","position":1,"name":"Accueil","item":"https:\/\/www.inlingua-leman.ch\/de\/"},{"@type":"ListItem","position":2,"name":"Services"}]},{"@type":"WebSite","@id":"https:\/\/www.inlingua-leman.ch\/de\/#website","url":"https:\/\/www.inlingua-leman.ch\/de\/","name":"inlingua L\u00e9man","description":"Formations langue | 19 langues","potentialAction":[{"@type":"SearchAction","target":{"@type":"EntryPoint","urlTemplate":"https:\/\/www.inlingua-leman.ch\/de\/?s={search_term_string}"},"query-input":{"@type":"PropertyValueSpecification","valueRequired":true,"valueName":"search_term_string"}}],"inLanguage":"de"}]}},"_links":{"self":[{"href":"https:\/\/www.inlingua-leman.ch\/de\/wp-json\/wp\/v2\/pages\/5538","targetHints":{"allow":["GET"]}}],"collection":[{"href":"https:\/\/www.inlingua-leman.ch\/de\/wp-json\/wp\/v2\/pages"}],"about":[{"href":"https:\/\/www.inlingua-leman.ch\/de\/wp-json\/wp\/v2\/types\/page"}],"author":[{"embeddable":true,"href":"https:\/\/www.inlingua-leman.ch\/de\/wp-json\/wp\/v2\/users\/1"}],"replies":[{"embeddable":true,"href":"https:\/\/www.inlingua-leman.ch\/de\/wp-json\/wp\/v2\/comments?post=5538"}],"version-history":[{"count":1,"href":"https:\/\/www.inlingua-leman.ch\/de\/wp-json\/wp\/v2\/pages\/5538\/revisions"}],"predecessor-version":[{"id":5645,"href":"https:\/\/www.inlingua-leman.ch\/de\/wp-json\/wp\/v2\/pages\/5538\/revisions\/5645"}],"wp:attachment":[{"href":"https:\/\/www.inlingua-leman.ch\/de\/wp-json\/wp\/v2\/media?parent=5538"}],"curies":[{"name":"wp","href":"https:\/\/api.w.org\/{rel}","templated":true}]}}