{"id":5514,"date":"2019-09-12T15:02:02","date_gmt":"2019-09-12T13:02:02","guid":{"rendered":"http:\/\/oxy.inlingua-leman.ch\/a-propos\/offres-demploi\/"},"modified":"2026-03-18T16:58:01","modified_gmt":"2026-03-18T15:58:01","slug":"stellenangebote","status":"publish","type":"page","link":"https:\/\/www.inlingua-leman.ch\/de\/uber\/stellenangebote\/","title":{"rendered":"Stellenangebote"},"content":{"rendered":"","protected":false},"excerpt":{"rendered":"","protected":false},"author":1,"featured_media":0,"parent":5500,"menu_order":0,"comment_status":"closed","ping_status":"closed","template":"","meta":{"inline_featured_image":false,"_monsterinsights_skip_tracking":false,"_monsterinsights_sitenote_active":false,"_monsterinsights_sitenote_note":"","_monsterinsights_sitenote_category":0,"powered_cache_disable_cache":false,"footnotes":""},"class_list":["post-5514","page","type-page","status-publish","hentry"],"yoast_head":"<!-- This site is optimized with the Yoast SEO plugin v27.4 - https:\/\/yoast.com\/product\/yoast-seo-wordpress\/ -->\n<title>Stellenangebote Inlingua L\u00e9man in Genf und Lausanne<\/title>\n<meta name=\"description\" content=\"M\u00f6chten Sie sich f\u00fcr eine unserer offenen Stellen bewerben? Nur Bewerbungen, die \u00fcber unser Online-Formular eingereicht werden, werden ber\u00fccksichtigt.\" \/>\n<meta name=\"robots\" content=\"index, follow, max-snippet:-1, max-image-preview:large, max-video-preview:-1\" \/>\n<link rel=\"canonical\" href=\"https:\/\/www.inlingua-leman.ch\/de\/uber\/stellenangebote\/\" \/>\n<meta property=\"og:locale\" content=\"de_DE\" \/>\n<meta property=\"og:type\" content=\"article\" \/>\n<meta property=\"og:title\" content=\"Stellenangebote Inlingua L\u00e9man in Genf und Lausanne\" \/>\n<meta property=\"og:description\" content=\"M\u00f6chten Sie sich f\u00fcr eine unserer offenen Stellen bewerben? Nur Bewerbungen, die \u00fcber unser Online-Formular eingereicht werden, werden ber\u00fccksichtigt.\" \/>\n<meta property=\"og:url\" content=\"https:\/\/www.inlingua-leman.ch\/de\/uber\/stellenangebote\/\" \/>\n<meta property=\"og:site_name\" content=\"inlingua L\u00e9man\" \/>\n<meta property=\"article:modified_time\" content=\"2026-03-18T15:58:01+00:00\" \/>\n<meta name=\"twitter:card\" content=\"summary_large_image\" \/>\n<meta name=\"twitter:label1\" content=\"Gesch\u00e4tzte Lesezeit\" \/>\n\t<meta name=\"twitter:data1\" content=\"6\u00a0Minuten\" \/>\n<script type=\"application\/ld+json\" class=\"yoast-schema-graph\">{\"@context\":\"https:\\\/\\\/schema.org\",\"@graph\":[{\"@type\":\"WebPage\",\"@id\":\"https:\\\/\\\/www.inlingua-leman.ch\\\/de\\\/uber\\\/stellenangebote\\\/\",\"url\":\"https:\\\/\\\/www.inlingua-leman.ch\\\/de\\\/uber\\\/stellenangebote\\\/\",\"name\":\"Stellenangebote Inlingua L\u00e9man in Genf und Lausanne\",\"isPartOf\":{\"@id\":\"https:\\\/\\\/www.inlingua-leman.ch\\\/de\\\/#website\"},\"datePublished\":\"2019-09-12T13:02:02+00:00\",\"dateModified\":\"2026-03-18T15:58:01+00:00\",\"description\":\"M\u00f6chten Sie sich f\u00fcr eine unserer offenen Stellen bewerben? Nur Bewerbungen, die \u00fcber unser Online-Formular eingereicht werden, werden ber\u00fccksichtigt.\",\"breadcrumb\":{\"@id\":\"https:\\\/\\\/www.inlingua-leman.ch\\\/de\\\/uber\\\/stellenangebote\\\/#breadcrumb\"},\"inLanguage\":\"de\",\"potentialAction\":[{\"@type\":\"ReadAction\",\"target\":[\"https:\\\/\\\/www.inlingua-leman.ch\\\/de\\\/uber\\\/stellenangebote\\\/\"]}]},{\"@type\":\"BreadcrumbList\",\"@id\":\"https:\\\/\\\/www.inlingua-leman.ch\\\/de\\\/uber\\\/stellenangebote\\\/#breadcrumb\",\"itemListElement\":[{\"@type\":\"ListItem\",\"position\":1,\"name\":\"Accueil\",\"item\":\"https:\\\/\\\/www.inlingua-leman.ch\\\/de\\\/\"},{\"@type\":\"ListItem\",\"position\":2,\"name\":\"Uber inlingua\",\"item\":\"https:\\\/\\\/www.inlingua-leman.ch\\\/de\\\/uber\\\/\"},{\"@type\":\"ListItem\",\"position\":3,\"name\":\"Stellenangebote\"}]},{\"@type\":\"WebSite\",\"@id\":\"https:\\\/\\\/www.inlingua-leman.ch\\\/de\\\/#website\",\"url\":\"https:\\\/\\\/www.inlingua-leman.ch\\\/de\\\/\",\"name\":\"inlingua L\u00e9man\",\"description\":\"Formations langue | 19 langues\",\"potentialAction\":[{\"@type\":\"SearchAction\",\"target\":{\"@type\":\"EntryPoint\",\"urlTemplate\":\"https:\\\/\\\/www.inlingua-leman.ch\\\/de\\\/?s={search_term_string}\"},\"query-input\":{\"@type\":\"PropertyValueSpecification\",\"valueRequired\":true,\"valueName\":\"search_term_string\"}}],\"inLanguage\":\"de\"}]}<\/script>\n<!-- \/ Yoast SEO plugin. -->","yoast_head_json":{"title":"Stellenangebote Inlingua L\u00e9man in Genf und Lausanne","description":"M\u00f6chten Sie sich f\u00fcr eine unserer offenen Stellen bewerben? Nur Bewerbungen, die \u00fcber unser Online-Formular eingereicht werden, werden ber\u00fccksichtigt.","robots":{"index":"index","follow":"follow","max-snippet":"max-snippet:-1","max-image-preview":"max-image-preview:large","max-video-preview":"max-video-preview:-1"},"canonical":"https:\/\/www.inlingua-leman.ch\/de\/uber\/stellenangebote\/","og_locale":"de_DE","og_type":"article","og_title":"Stellenangebote Inlingua L\u00e9man in Genf und Lausanne","og_description":"M\u00f6chten Sie sich f\u00fcr eine unserer offenen Stellen bewerben? Nur Bewerbungen, die \u00fcber unser Online-Formular eingereicht werden, werden ber\u00fccksichtigt.","og_url":"https:\/\/www.inlingua-leman.ch\/de\/uber\/stellenangebote\/","og_site_name":"inlingua L\u00e9man","article_modified_time":"2026-03-18T15:58:01+00:00","twitter_card":"summary_large_image","twitter_misc":{"Gesch\u00e4tzte Lesezeit":"6\u00a0Minuten"},"schema":{"@context":"https:\/\/schema.org","@graph":[{"@type":"WebPage","@id":"https:\/\/www.inlingua-leman.ch\/de\/uber\/stellenangebote\/","url":"https:\/\/www.inlingua-leman.ch\/de\/uber\/stellenangebote\/","name":"Stellenangebote Inlingua L\u00e9man in Genf und Lausanne","isPartOf":{"@id":"https:\/\/www.inlingua-leman.ch\/de\/#website"},"datePublished":"2019-09-12T13:02:02+00:00","dateModified":"2026-03-18T15:58:01+00:00","description":"M\u00f6chten Sie sich f\u00fcr eine unserer offenen Stellen bewerben? Nur Bewerbungen, die \u00fcber unser Online-Formular eingereicht werden, werden ber\u00fccksichtigt.","breadcrumb":{"@id":"https:\/\/www.inlingua-leman.ch\/de\/uber\/stellenangebote\/#breadcrumb"},"inLanguage":"de","potentialAction":[{"@type":"ReadAction","target":["https:\/\/www.inlingua-leman.ch\/de\/uber\/stellenangebote\/"]}]},{"@type":"BreadcrumbList","@id":"https:\/\/www.inlingua-leman.ch\/de\/uber\/stellenangebote\/#breadcrumb","itemListElement":[{"@type":"ListItem","position":1,"name":"Accueil","item":"https:\/\/www.inlingua-leman.ch\/de\/"},{"@type":"ListItem","position":2,"name":"Uber inlingua","item":"https:\/\/www.inlingua-leman.ch\/de\/uber\/"},{"@type":"ListItem","position":3,"name":"Stellenangebote"}]},{"@type":"WebSite","@id":"https:\/\/www.inlingua-leman.ch\/de\/#website","url":"https:\/\/www.inlingua-leman.ch\/de\/","name":"inlingua L\u00e9man","description":"Formations langue | 19 langues","potentialAction":[{"@type":"SearchAction","target":{"@type":"EntryPoint","urlTemplate":"https:\/\/www.inlingua-leman.ch\/de\/?s={search_term_string}"},"query-input":{"@type":"PropertyValueSpecification","valueRequired":true,"valueName":"search_term_string"}}],"inLanguage":"de"}]}},"_links":{"self":[{"href":"https:\/\/www.inlingua-leman.ch\/de\/wp-json\/wp\/v2\/pages\/5514","targetHints":{"allow":["GET"]}}],"collection":[{"href":"https:\/\/www.inlingua-leman.ch\/de\/wp-json\/wp\/v2\/pages"}],"about":[{"href":"https:\/\/www.inlingua-leman.ch\/de\/wp-json\/wp\/v2\/types\/page"}],"author":[{"embeddable":true,"href":"https:\/\/www.inlingua-leman.ch\/de\/wp-json\/wp\/v2\/users\/1"}],"replies":[{"embeddable":true,"href":"https:\/\/www.inlingua-leman.ch\/de\/wp-json\/wp\/v2\/comments?post=5514"}],"version-history":[{"count":2,"href":"https:\/\/www.inlingua-leman.ch\/de\/wp-json\/wp\/v2\/pages\/5514\/revisions"}],"predecessor-version":[{"id":6597,"href":"https:\/\/www.inlingua-leman.ch\/de\/wp-json\/wp\/v2\/pages\/5514\/revisions\/6597"}],"up":[{"embeddable":true,"href":"https:\/\/www.inlingua-leman.ch\/de\/wp-json\/wp\/v2\/pages\/5500"}],"wp:attachment":[{"href":"https:\/\/www.inlingua-leman.ch\/de\/wp-json\/wp\/v2\/media?parent=5514"}],"curies":[{"name":"wp","href":"https:\/\/api.w.org\/{rel}","templated":true}]}}