{"id":5508,"date":"2019-09-04T15:35:03","date_gmt":"2019-09-04T13:35:03","guid":{"rendered":"http:\/\/oxy.inlingua-leman.ch\/a-propos\/materiel\/"},"modified":"2026-03-18T16:37:37","modified_gmt":"2026-03-18T15:37:37","slug":"unterrichtsmaterial","status":"publish","type":"page","link":"https:\/\/www.inlingua-leman.ch\/de\/uber\/unterrichtsmaterial\/","title":{"rendered":"material"},"content":{"rendered":"","protected":false},"excerpt":{"rendered":"","protected":false},"author":1,"featured_media":0,"parent":5500,"menu_order":0,"comment_status":"closed","ping_status":"closed","template":"","meta":{"inline_featured_image":false,"_monsterinsights_skip_tracking":false,"_monsterinsights_sitenote_active":false,"_monsterinsights_sitenote_note":"","_monsterinsights_sitenote_category":0,"powered_cache_disable_cache":false,"footnotes":""},"class_list":["post-5508","page","type-page","status-publish","hentry"],"yoast_head":"<!-- This site is optimized with the Yoast SEO plugin v27.6 - https:\/\/yoast.com\/product\/yoast-seo-wordpress\/ -->\n<title>Sprachkurse mit interaktiven Medien | Inlingua L\u00e9man<\/title>\n<meta name=\"description\" content=\"Die von Inlingua zur Verf\u00fcgung gestellten Kursmaterialien basieren auf den Niveaustufen des Europ\u00e4ischen Referenzrahmens: Flex-E-Books, my.lab und traditionelles Material\" \/>\n<meta name=\"robots\" content=\"index, follow, max-snippet:-1, max-image-preview:large, max-video-preview:-1\" \/>\n<link rel=\"canonical\" href=\"https:\/\/www.inlingua-leman.ch\/de\/uber\/unterrichtsmaterial\/\" \/>\n<meta property=\"og:locale\" content=\"de_DE\" \/>\n<meta property=\"og:type\" content=\"article\" \/>\n<meta property=\"og:title\" content=\"Sprachkurse mit interaktiven Medien | Inlingua L\u00e9man\" \/>\n<meta property=\"og:description\" content=\"Die von Inlingua zur Verf\u00fcgung gestellten Kursmaterialien basieren auf den Niveaustufen des Europ\u00e4ischen Referenzrahmens: Flex-E-Books, my.lab und traditionelles Material\" \/>\n<meta property=\"og:url\" content=\"https:\/\/www.inlingua-leman.ch\/de\/uber\/unterrichtsmaterial\/\" \/>\n<meta property=\"og:site_name\" content=\"inlingua L\u00e9man\" \/>\n<meta property=\"article:modified_time\" content=\"2026-03-18T15:37:37+00:00\" \/>\n<meta name=\"twitter:card\" content=\"summary_large_image\" \/>\n<meta name=\"twitter:label1\" content=\"Gesch\u00e4tzte Lesezeit\" \/>\n\t<meta name=\"twitter:data1\" content=\"9\u00a0Minuten\" \/>\n<script type=\"application\/ld+json\" class=\"yoast-schema-graph\">{\"@context\":\"https:\\\/\\\/schema.org\",\"@graph\":[{\"@type\":\"WebPage\",\"@id\":\"https:\\\/\\\/www.inlingua-leman.ch\\\/de\\\/uber\\\/unterrichtsmaterial\\\/\",\"url\":\"https:\\\/\\\/www.inlingua-leman.ch\\\/de\\\/uber\\\/unterrichtsmaterial\\\/\",\"name\":\"Sprachkurse mit interaktiven Medien | Inlingua L\u00e9man\",\"isPartOf\":{\"@id\":\"https:\\\/\\\/www.inlingua-leman.ch\\\/de\\\/#website\"},\"datePublished\":\"2019-09-04T13:35:03+00:00\",\"dateModified\":\"2026-03-18T15:37:37+00:00\",\"description\":\"Die von Inlingua zur Verf\u00fcgung gestellten Kursmaterialien basieren auf den Niveaustufen des Europ\u00e4ischen Referenzrahmens: Flex-E-Books, my.lab und traditionelles Material\",\"breadcrumb\":{\"@id\":\"https:\\\/\\\/www.inlingua-leman.ch\\\/de\\\/uber\\\/unterrichtsmaterial\\\/#breadcrumb\"},\"inLanguage\":\"de\",\"potentialAction\":[{\"@type\":\"ReadAction\",\"target\":[\"https:\\\/\\\/www.inlingua-leman.ch\\\/de\\\/uber\\\/unterrichtsmaterial\\\/\"]}]},{\"@type\":\"BreadcrumbList\",\"@id\":\"https:\\\/\\\/www.inlingua-leman.ch\\\/de\\\/uber\\\/unterrichtsmaterial\\\/#breadcrumb\",\"itemListElement\":[{\"@type\":\"ListItem\",\"position\":1,\"name\":\"Accueil\",\"item\":\"https:\\\/\\\/www.inlingua-leman.ch\\\/de\\\/\"},{\"@type\":\"ListItem\",\"position\":2,\"name\":\"Uber inlingua\",\"item\":\"https:\\\/\\\/www.inlingua-leman.ch\\\/de\\\/uber\\\/\"},{\"@type\":\"ListItem\",\"position\":3,\"name\":\"material\"}]},{\"@type\":\"WebSite\",\"@id\":\"https:\\\/\\\/www.inlingua-leman.ch\\\/de\\\/#website\",\"url\":\"https:\\\/\\\/www.inlingua-leman.ch\\\/de\\\/\",\"name\":\"inlingua L\u00e9man\",\"description\":\"Formations langue | 19 langues\",\"potentialAction\":[{\"@type\":\"SearchAction\",\"target\":{\"@type\":\"EntryPoint\",\"urlTemplate\":\"https:\\\/\\\/www.inlingua-leman.ch\\\/de\\\/?s={search_term_string}\"},\"query-input\":{\"@type\":\"PropertyValueSpecification\",\"valueRequired\":true,\"valueName\":\"search_term_string\"}}],\"inLanguage\":\"de\"}]}<\/script>\n<!-- \/ Yoast SEO plugin. -->","yoast_head_json":{"title":"Sprachkurse mit interaktiven Medien | Inlingua L\u00e9man","description":"Die von Inlingua zur Verf\u00fcgung gestellten Kursmaterialien basieren auf den Niveaustufen des Europ\u00e4ischen Referenzrahmens: Flex-E-Books, my.lab und traditionelles Material","robots":{"index":"index","follow":"follow","max-snippet":"max-snippet:-1","max-image-preview":"max-image-preview:large","max-video-preview":"max-video-preview:-1"},"canonical":"https:\/\/www.inlingua-leman.ch\/de\/uber\/unterrichtsmaterial\/","og_locale":"de_DE","og_type":"article","og_title":"Sprachkurse mit interaktiven Medien | Inlingua L\u00e9man","og_description":"Die von Inlingua zur Verf\u00fcgung gestellten Kursmaterialien basieren auf den Niveaustufen des Europ\u00e4ischen Referenzrahmens: Flex-E-Books, my.lab und traditionelles Material","og_url":"https:\/\/www.inlingua-leman.ch\/de\/uber\/unterrichtsmaterial\/","og_site_name":"inlingua L\u00e9man","article_modified_time":"2026-03-18T15:37:37+00:00","twitter_card":"summary_large_image","twitter_misc":{"Gesch\u00e4tzte Lesezeit":"9\u00a0Minuten"},"schema":{"@context":"https:\/\/schema.org","@graph":[{"@type":"WebPage","@id":"https:\/\/www.inlingua-leman.ch\/de\/uber\/unterrichtsmaterial\/","url":"https:\/\/www.inlingua-leman.ch\/de\/uber\/unterrichtsmaterial\/","name":"Sprachkurse mit interaktiven Medien | Inlingua L\u00e9man","isPartOf":{"@id":"https:\/\/www.inlingua-leman.ch\/de\/#website"},"datePublished":"2019-09-04T13:35:03+00:00","dateModified":"2026-03-18T15:37:37+00:00","description":"Die von Inlingua zur Verf\u00fcgung gestellten Kursmaterialien basieren auf den Niveaustufen des Europ\u00e4ischen Referenzrahmens: Flex-E-Books, my.lab und traditionelles Material","breadcrumb":{"@id":"https:\/\/www.inlingua-leman.ch\/de\/uber\/unterrichtsmaterial\/#breadcrumb"},"inLanguage":"de","potentialAction":[{"@type":"ReadAction","target":["https:\/\/www.inlingua-leman.ch\/de\/uber\/unterrichtsmaterial\/"]}]},{"@type":"BreadcrumbList","@id":"https:\/\/www.inlingua-leman.ch\/de\/uber\/unterrichtsmaterial\/#breadcrumb","itemListElement":[{"@type":"ListItem","position":1,"name":"Accueil","item":"https:\/\/www.inlingua-leman.ch\/de\/"},{"@type":"ListItem","position":2,"name":"Uber inlingua","item":"https:\/\/www.inlingua-leman.ch\/de\/uber\/"},{"@type":"ListItem","position":3,"name":"material"}]},{"@type":"WebSite","@id":"https:\/\/www.inlingua-leman.ch\/de\/#website","url":"https:\/\/www.inlingua-leman.ch\/de\/","name":"inlingua L\u00e9man","description":"Formations langue | 19 langues","potentialAction":[{"@type":"SearchAction","target":{"@type":"EntryPoint","urlTemplate":"https:\/\/www.inlingua-leman.ch\/de\/?s={search_term_string}"},"query-input":{"@type":"PropertyValueSpecification","valueRequired":true,"valueName":"search_term_string"}}],"inLanguage":"de"}]}},"_links":{"self":[{"href":"https:\/\/www.inlingua-leman.ch\/de\/wp-json\/wp\/v2\/pages\/5508","targetHints":{"allow":["GET"]}}],"collection":[{"href":"https:\/\/www.inlingua-leman.ch\/de\/wp-json\/wp\/v2\/pages"}],"about":[{"href":"https:\/\/www.inlingua-leman.ch\/de\/wp-json\/wp\/v2\/types\/page"}],"author":[{"embeddable":true,"href":"https:\/\/www.inlingua-leman.ch\/de\/wp-json\/wp\/v2\/users\/1"}],"replies":[{"embeddable":true,"href":"https:\/\/www.inlingua-leman.ch\/de\/wp-json\/wp\/v2\/comments?post=5508"}],"version-history":[{"count":3,"href":"https:\/\/www.inlingua-leman.ch\/de\/wp-json\/wp\/v2\/pages\/5508\/revisions"}],"predecessor-version":[{"id":5728,"href":"https:\/\/www.inlingua-leman.ch\/de\/wp-json\/wp\/v2\/pages\/5508\/revisions\/5728"}],"up":[{"embeddable":true,"href":"https:\/\/www.inlingua-leman.ch\/de\/wp-json\/wp\/v2\/pages\/5500"}],"wp:attachment":[{"href":"https:\/\/www.inlingua-leman.ch\/de\/wp-json\/wp\/v2\/media?parent=5508"}],"curies":[{"name":"wp","href":"https:\/\/api.w.org\/{rel}","templated":true}]}}