{"id":5504,"date":"2019-09-12T10:17:53","date_gmt":"2019-09-12T08:17:53","guid":{"rendered":"http:\/\/oxy.inlingua-leman.ch\/a-propos\/avis\/"},"modified":"2026-03-18T16:50:24","modified_gmt":"2026-03-18T15:50:24","slug":"kunden","status":"publish","type":"page","link":"https:\/\/www.inlingua-leman.ch\/de\/uber\/kunden\/","title":{"rendered":"Kundenmeinungen"},"content":{"rendered":"","protected":false},"excerpt":{"rendered":"","protected":false},"author":1,"featured_media":0,"parent":5500,"menu_order":0,"comment_status":"closed","ping_status":"closed","template":"","meta":{"inline_featured_image":false,"_monsterinsights_skip_tracking":false,"_monsterinsights_sitenote_active":false,"_monsterinsights_sitenote_note":"","_monsterinsights_sitenote_category":0,"powered_cache_disable_cache":false,"footnotes":""},"class_list":["post-5504","page","type-page","status-publish","hentry"],"yoast_head":"<!-- This site is optimized with the Yoast SEO plugin v27.5 - https:\/\/yoast.com\/product\/yoast-seo-wordpress\/ -->\n<title>Sprachzentrum Inlingua L\u00e9man: Ihre Meinung z\u00e4hlt!<\/title>\n<meta name=\"description\" content=\"Ihre Meinung ist unsere Inspirationsquelle! Deshalb freuen wir uns genauso \u00fcber Ihre Meinung wie \u00fcber die unserer ehemaligen Sch\u00fcler.\" \/>\n<meta name=\"robots\" content=\"index, follow, max-snippet:-1, max-image-preview:large, max-video-preview:-1\" \/>\n<link rel=\"canonical\" href=\"https:\/\/www.inlingua-leman.ch\/de\/uber\/kunden\/\" \/>\n<meta property=\"og:locale\" content=\"de_DE\" \/>\n<meta property=\"og:type\" content=\"article\" \/>\n<meta property=\"og:title\" content=\"Sprachzentrum Inlingua L\u00e9man: Ihre Meinung z\u00e4hlt!\" \/>\n<meta property=\"og:description\" content=\"Ihre Meinung ist unsere Inspirationsquelle! Deshalb freuen wir uns genauso \u00fcber Ihre Meinung wie \u00fcber die unserer ehemaligen Sch\u00fcler.\" \/>\n<meta property=\"og:url\" content=\"https:\/\/www.inlingua-leman.ch\/de\/uber\/kunden\/\" \/>\n<meta property=\"og:site_name\" content=\"inlingua L\u00e9man\" \/>\n<meta property=\"article:modified_time\" content=\"2026-03-18T15:50:24+00:00\" \/>\n<meta name=\"twitter:card\" content=\"summary_large_image\" \/>\n<meta name=\"twitter:label1\" content=\"Gesch\u00e4tzte Lesezeit\" \/>\n\t<meta name=\"twitter:data1\" content=\"23\u00a0Minuten\" \/>\n<script type=\"application\/ld+json\" class=\"yoast-schema-graph\">{\"@context\":\"https:\\\/\\\/schema.org\",\"@graph\":[{\"@type\":\"WebPage\",\"@id\":\"https:\\\/\\\/www.inlingua-leman.ch\\\/de\\\/uber\\\/kunden\\\/\",\"url\":\"https:\\\/\\\/www.inlingua-leman.ch\\\/de\\\/uber\\\/kunden\\\/\",\"name\":\"Sprachzentrum Inlingua L\u00e9man: Ihre Meinung z\u00e4hlt!\",\"isPartOf\":{\"@id\":\"https:\\\/\\\/www.inlingua-leman.ch\\\/de\\\/#website\"},\"datePublished\":\"2019-09-12T08:17:53+00:00\",\"dateModified\":\"2026-03-18T15:50:24+00:00\",\"description\":\"Ihre Meinung ist unsere Inspirationsquelle! Deshalb freuen wir uns genauso \u00fcber Ihre Meinung wie \u00fcber die unserer ehemaligen Sch\u00fcler.\",\"breadcrumb\":{\"@id\":\"https:\\\/\\\/www.inlingua-leman.ch\\\/de\\\/uber\\\/kunden\\\/#breadcrumb\"},\"inLanguage\":\"de\",\"potentialAction\":[{\"@type\":\"ReadAction\",\"target\":[\"https:\\\/\\\/www.inlingua-leman.ch\\\/de\\\/uber\\\/kunden\\\/\"]}]},{\"@type\":\"BreadcrumbList\",\"@id\":\"https:\\\/\\\/www.inlingua-leman.ch\\\/de\\\/uber\\\/kunden\\\/#breadcrumb\",\"itemListElement\":[{\"@type\":\"ListItem\",\"position\":1,\"name\":\"Accueil\",\"item\":\"https:\\\/\\\/www.inlingua-leman.ch\\\/de\\\/\"},{\"@type\":\"ListItem\",\"position\":2,\"name\":\"Uber inlingua\",\"item\":\"https:\\\/\\\/www.inlingua-leman.ch\\\/de\\\/uber\\\/\"},{\"@type\":\"ListItem\",\"position\":3,\"name\":\"Kundenmeinungen\"}]},{\"@type\":\"WebSite\",\"@id\":\"https:\\\/\\\/www.inlingua-leman.ch\\\/de\\\/#website\",\"url\":\"https:\\\/\\\/www.inlingua-leman.ch\\\/de\\\/\",\"name\":\"inlingua L\u00e9man\",\"description\":\"Formations langue | 19 langues\",\"potentialAction\":[{\"@type\":\"SearchAction\",\"target\":{\"@type\":\"EntryPoint\",\"urlTemplate\":\"https:\\\/\\\/www.inlingua-leman.ch\\\/de\\\/?s={search_term_string}\"},\"query-input\":{\"@type\":\"PropertyValueSpecification\",\"valueRequired\":true,\"valueName\":\"search_term_string\"}}],\"inLanguage\":\"de\"}]}<\/script>\n<!-- \/ Yoast SEO plugin. -->","yoast_head_json":{"title":"Sprachzentrum Inlingua L\u00e9man: Ihre Meinung z\u00e4hlt!","description":"Ihre Meinung ist unsere Inspirationsquelle! Deshalb freuen wir uns genauso \u00fcber Ihre Meinung wie \u00fcber die unserer ehemaligen Sch\u00fcler.","robots":{"index":"index","follow":"follow","max-snippet":"max-snippet:-1","max-image-preview":"max-image-preview:large","max-video-preview":"max-video-preview:-1"},"canonical":"https:\/\/www.inlingua-leman.ch\/de\/uber\/kunden\/","og_locale":"de_DE","og_type":"article","og_title":"Sprachzentrum Inlingua L\u00e9man: Ihre Meinung z\u00e4hlt!","og_description":"Ihre Meinung ist unsere Inspirationsquelle! Deshalb freuen wir uns genauso \u00fcber Ihre Meinung wie \u00fcber die unserer ehemaligen Sch\u00fcler.","og_url":"https:\/\/www.inlingua-leman.ch\/de\/uber\/kunden\/","og_site_name":"inlingua L\u00e9man","article_modified_time":"2026-03-18T15:50:24+00:00","twitter_card":"summary_large_image","twitter_misc":{"Gesch\u00e4tzte Lesezeit":"23\u00a0Minuten"},"schema":{"@context":"https:\/\/schema.org","@graph":[{"@type":"WebPage","@id":"https:\/\/www.inlingua-leman.ch\/de\/uber\/kunden\/","url":"https:\/\/www.inlingua-leman.ch\/de\/uber\/kunden\/","name":"Sprachzentrum Inlingua L\u00e9man: Ihre Meinung z\u00e4hlt!","isPartOf":{"@id":"https:\/\/www.inlingua-leman.ch\/de\/#website"},"datePublished":"2019-09-12T08:17:53+00:00","dateModified":"2026-03-18T15:50:24+00:00","description":"Ihre Meinung ist unsere Inspirationsquelle! Deshalb freuen wir uns genauso \u00fcber Ihre Meinung wie \u00fcber die unserer ehemaligen Sch\u00fcler.","breadcrumb":{"@id":"https:\/\/www.inlingua-leman.ch\/de\/uber\/kunden\/#breadcrumb"},"inLanguage":"de","potentialAction":[{"@type":"ReadAction","target":["https:\/\/www.inlingua-leman.ch\/de\/uber\/kunden\/"]}]},{"@type":"BreadcrumbList","@id":"https:\/\/www.inlingua-leman.ch\/de\/uber\/kunden\/#breadcrumb","itemListElement":[{"@type":"ListItem","position":1,"name":"Accueil","item":"https:\/\/www.inlingua-leman.ch\/de\/"},{"@type":"ListItem","position":2,"name":"Uber inlingua","item":"https:\/\/www.inlingua-leman.ch\/de\/uber\/"},{"@type":"ListItem","position":3,"name":"Kundenmeinungen"}]},{"@type":"WebSite","@id":"https:\/\/www.inlingua-leman.ch\/de\/#website","url":"https:\/\/www.inlingua-leman.ch\/de\/","name":"inlingua L\u00e9man","description":"Formations langue | 19 langues","potentialAction":[{"@type":"SearchAction","target":{"@type":"EntryPoint","urlTemplate":"https:\/\/www.inlingua-leman.ch\/de\/?s={search_term_string}"},"query-input":{"@type":"PropertyValueSpecification","valueRequired":true,"valueName":"search_term_string"}}],"inLanguage":"de"}]}},"_links":{"self":[{"href":"https:\/\/www.inlingua-leman.ch\/de\/wp-json\/wp\/v2\/pages\/5504","targetHints":{"allow":["GET"]}}],"collection":[{"href":"https:\/\/www.inlingua-leman.ch\/de\/wp-json\/wp\/v2\/pages"}],"about":[{"href":"https:\/\/www.inlingua-leman.ch\/de\/wp-json\/wp\/v2\/types\/page"}],"author":[{"embeddable":true,"href":"https:\/\/www.inlingua-leman.ch\/de\/wp-json\/wp\/v2\/users\/1"}],"replies":[{"embeddable":true,"href":"https:\/\/www.inlingua-leman.ch\/de\/wp-json\/wp\/v2\/comments?post=5504"}],"version-history":[{"count":4,"href":"https:\/\/www.inlingua-leman.ch\/de\/wp-json\/wp\/v2\/pages\/5504\/revisions"}],"predecessor-version":[{"id":6596,"href":"https:\/\/www.inlingua-leman.ch\/de\/wp-json\/wp\/v2\/pages\/5504\/revisions\/6596"}],"up":[{"embeddable":true,"href":"https:\/\/www.inlingua-leman.ch\/de\/wp-json\/wp\/v2\/pages\/5500"}],"wp:attachment":[{"href":"https:\/\/www.inlingua-leman.ch\/de\/wp-json\/wp\/v2\/media?parent=5504"}],"curies":[{"name":"wp","href":"https:\/\/api.w.org\/{rel}","templated":true}]}}